{"id":199,"date":"2022-03-11T16:52:03","date_gmt":"2022-03-11T15:52:03","guid":{"rendered":"https:\/\/www.mloc1080.be\/lula\/?page_id=199"},"modified":"2024-07-09T17:32:45","modified_gmt":"2024-07-09T15:32:45","slug":"nos-projets","status":"publish","type":"page","link":"https:\/\/www.lesunsetlesautres.be\/lula\/nos-projets\/","title":{"rendered":"Nos projets"},"content":{"rendered":"\t\t<div data-elementor-type=\"wp-page\" data-elementor-id=\"199\" class=\"elementor elementor-199\" data-elementor-post-type=\"page\">\n\t\t\t\t\t\t<section class=\"elementor-section elementor-top-section elementor-element elementor-element-6fc70b2 elementor-section-boxed elementor-section-height-default elementor-section-height-default\" data-id=\"6fc70b2\" data-element_type=\"section\" data-e-type=\"section\">\n\t\t\t\t\t\t<div class=\"elementor-container elementor-column-gap-default\">\n\t\t\t\t\t<div class=\"elementor-column elementor-col-33 elementor-top-column elementor-element elementor-element-a8e7aed\" data-id=\"a8e7aed\" data-element_type=\"column\" data-e-type=\"column\">\n\t\t\t<div class=\"elementor-widget-wrap elementor-element-populated\">\n\t\t\t\t\t\t<div class=\"elementor-element elementor-element-77adfef elementor-widget elementor-widget-image\" data-id=\"77adfef\" data-element_type=\"widget\" data-e-type=\"widget\" data-widget_type=\"image.default\">\n\t\t\t\t<div class=\"elementor-widget-container\">\n\t\t\t\t\t\t\t\t\t\t\t\t\t\t\t<img fetchpriority=\"high\" decoding=\"async\" width=\"960\" height=\"960\" src=\"https:\/\/www.lesunsetlesautres.be\/lula\/wp-content\/uploads\/2024\/07\/Design-sans-titre-81-1024x1024.png\" class=\"attachment-large size-large wp-image-1148\" alt=\"\" srcset=\"https:\/\/www.lesunsetlesautres.be\/lula\/wp-content\/uploads\/2024\/07\/Design-sans-titre-81-1024x1024.png 1024w, https:\/\/www.lesunsetlesautres.be\/lula\/wp-content\/uploads\/2024\/07\/Design-sans-titre-81-300x300.png 300w, https:\/\/www.lesunsetlesautres.be\/lula\/wp-content\/uploads\/2024\/07\/Design-sans-titre-81-150x150.png 150w, https:\/\/www.lesunsetlesautres.be\/lula\/wp-content\/uploads\/2024\/07\/Design-sans-titre-81-768x768.png 768w, https:\/\/www.lesunsetlesautres.be\/lula\/wp-content\/uploads\/2024\/07\/Design-sans-titre-81-75x75.png 75w, https:\/\/www.lesunsetlesautres.be\/lula\/wp-content\/uploads\/2024\/07\/Design-sans-titre-81.png 1080w\" sizes=\"(max-width: 960px) 100vw, 960px\" \/>\t\t\t\t\t\t\t\t\t\t\t\t\t\t\t<\/div>\n\t\t\t\t<\/div>\n\t\t\t\t<div class=\"elementor-element elementor-element-3c091ac elementor-widget elementor-widget-heading\" data-id=\"3c091ac\" data-element_type=\"widget\" data-e-type=\"widget\" data-widget_type=\"heading.default\">\n\t\t\t\t<div class=\"elementor-widget-container\">\n\t\t\t\t\t<h2 class=\"elementor-heading-title elementor-size-default\">Un projet d\u2019insertion socioprofessionnelle<\/h2>\t\t\t\t<\/div>\n\t\t\t\t<\/div>\n\t\t\t\t<div class=\"elementor-element elementor-element-8fc3a2b elementor-widget elementor-widget-text-editor\" data-id=\"8fc3a2b\" data-element_type=\"widget\" data-e-type=\"widget\" data-widget_type=\"text-editor.default\">\n\t\t\t\t<div class=\"elementor-widget-container\">\n\t\t\t\t\t\t\t\t\t<p>C\u2019est une \u00e9quipe de commis de cuisine\/salle qui se forme. Ils s\u2019entra\u00eenent au jour le jour \u00e0 la pratique de leur m\u00e9tier, encadr\u00e9s par des formateurs <br \/>cuisiniers professionnels.<\/p><p><a href=\"https:\/\/www.lesunsetlesautres.be\/lula\/wp-content\/uploads\/2024\/07\/Flyers-LULA-2.pdf\">Venez travailler chez nous !<\/a><\/p>\t\t\t\t\t\t\t\t<\/div>\n\t\t\t\t<\/div>\n\t\t\t\t\t<\/div>\n\t\t<\/div>\n\t\t\t\t<div class=\"elementor-column elementor-col-33 elementor-top-column elementor-element elementor-element-5ef8b9f\" data-id=\"5ef8b9f\" data-element_type=\"column\" data-e-type=\"column\">\n\t\t\t<div class=\"elementor-widget-wrap elementor-element-populated\">\n\t\t\t\t\t\t<div class=\"elementor-element elementor-element-d5fe6bd elementor-widget elementor-widget-image\" data-id=\"d5fe6bd\" data-element_type=\"widget\" data-e-type=\"widget\" data-widget_type=\"image.default\">\n\t\t\t\t<div class=\"elementor-widget-container\">\n\t\t\t\t\t\t\t\t\t\t\t\t\t\t\t<img decoding=\"async\" width=\"960\" height=\"960\" src=\"https:\/\/www.lesunsetlesautres.be\/lula\/wp-content\/uploads\/2024\/07\/Design-sans-titre-82-1024x1024.png\" class=\"attachment-large size-large wp-image-1149\" alt=\"\" srcset=\"https:\/\/www.lesunsetlesautres.be\/lula\/wp-content\/uploads\/2024\/07\/Design-sans-titre-82-1024x1024.png 1024w, https:\/\/www.lesunsetlesautres.be\/lula\/wp-content\/uploads\/2024\/07\/Design-sans-titre-82-300x300.png 300w, https:\/\/www.lesunsetlesautres.be\/lula\/wp-content\/uploads\/2024\/07\/Design-sans-titre-82-150x150.png 150w, https:\/\/www.lesunsetlesautres.be\/lula\/wp-content\/uploads\/2024\/07\/Design-sans-titre-82-768x768.png 768w, https:\/\/www.lesunsetlesautres.be\/lula\/wp-content\/uploads\/2024\/07\/Design-sans-titre-82-75x75.png 75w, https:\/\/www.lesunsetlesautres.be\/lula\/wp-content\/uploads\/2024\/07\/Design-sans-titre-82.png 1080w\" sizes=\"(max-width: 960px) 100vw, 960px\" \/>\t\t\t\t\t\t\t\t\t\t\t\t\t\t\t<\/div>\n\t\t\t\t<\/div>\n\t\t\t\t<div class=\"elementor-element elementor-element-1350d47 elementor-widget elementor-widget-heading\" data-id=\"1350d47\" data-element_type=\"widget\" data-e-type=\"widget\" data-widget_type=\"heading.default\">\n\t\t\t\t<div class=\"elementor-widget-container\">\n\t\t\t\t\t<h2 class=\"elementor-heading-title elementor-size-default\">Projet de coh\u00e9sion sociale<\/h2>\t\t\t\t<\/div>\n\t\t\t\t<\/div>\n\t\t\t\t<div class=\"elementor-element elementor-element-d147458 elementor-widget elementor-widget-text-editor\" data-id=\"d147458\" data-element_type=\"widget\" data-e-type=\"widget\" data-widget_type=\"text-editor.default\">\n\t\t\t\t<div class=\"elementor-widget-container\">\n\t\t\t\t\t\t\t\t\t<p>LULA, c\u2019est un lieu accueillant qui permet&nbsp;la rencontre, la mixit\u00e9 sociale, culturelle et g\u00e9n\u00e9rationnelle autour d\u2019un repas au restaurant.&nbsp;<\/p><p>N<span style=\"letter-spacing: 0px;\">otre jardinier\/animateur organise des ateliers&nbsp;<\/span><span style=\"letter-spacing: 0px;\">autour de la biodiversit\u00e9, le jardinage, la nature.&nbsp;<\/span><span style=\"letter-spacing: 0px;\">Ils sont accessibles \u00e0 tous<\/span><\/p><p>Le programme de nos animations au jardin est affich\u00e9 au restaurant.<br>Venez vous mettre au vert au c\u0153ur de Molenbeek !<br><\/p>\t\t\t\t\t\t\t\t<\/div>\n\t\t\t\t<\/div>\n\t\t\t\t\t<\/div>\n\t\t<\/div>\n\t\t\t\t<div class=\"elementor-column elementor-col-33 elementor-top-column elementor-element elementor-element-2e7c277\" data-id=\"2e7c277\" data-element_type=\"column\" data-e-type=\"column\">\n\t\t\t<div class=\"elementor-widget-wrap elementor-element-populated\">\n\t\t\t\t\t\t<div class=\"elementor-element elementor-element-ee08752 elementor-widget elementor-widget-image\" data-id=\"ee08752\" data-element_type=\"widget\" data-e-type=\"widget\" data-widget_type=\"image.default\">\n\t\t\t\t<div class=\"elementor-widget-container\">\n\t\t\t\t\t\t\t\t\t\t\t\t\t\t\t<img decoding=\"async\" width=\"960\" height=\"960\" src=\"https:\/\/www.lesunsetlesautres.be\/lula\/wp-content\/uploads\/2024\/07\/Design-sans-titre-83-1024x1024.png\" class=\"attachment-large size-large wp-image-1150\" alt=\"\" srcset=\"https:\/\/www.lesunsetlesautres.be\/lula\/wp-content\/uploads\/2024\/07\/Design-sans-titre-83-1024x1024.png 1024w, https:\/\/www.lesunsetlesautres.be\/lula\/wp-content\/uploads\/2024\/07\/Design-sans-titre-83-300x300.png 300w, https:\/\/www.lesunsetlesautres.be\/lula\/wp-content\/uploads\/2024\/07\/Design-sans-titre-83-150x150.png 150w, https:\/\/www.lesunsetlesautres.be\/lula\/wp-content\/uploads\/2024\/07\/Design-sans-titre-83-768x768.png 768w, https:\/\/www.lesunsetlesautres.be\/lula\/wp-content\/uploads\/2024\/07\/Design-sans-titre-83-75x75.png 75w, https:\/\/www.lesunsetlesautres.be\/lula\/wp-content\/uploads\/2024\/07\/Design-sans-titre-83.png 1080w\" sizes=\"(max-width: 960px) 100vw, 960px\" \/>\t\t\t\t\t\t\t\t\t\t\t\t\t\t\t<\/div>\n\t\t\t\t<\/div>\n\t\t\t\t<div class=\"elementor-element elementor-element-86b6586 elementor-widget elementor-widget-heading\" data-id=\"86b6586\" data-element_type=\"widget\" data-e-type=\"widget\" data-widget_type=\"heading.default\">\n\t\t\t\t<div class=\"elementor-widget-container\">\n\t\t\t\t\t<h2 class=\"elementor-heading-title elementor-size-default\">Le Ralliement des Fourchettes<\/h2>\t\t\t\t<\/div>\n\t\t\t\t<\/div>\n\t\t\t\t<div class=\"elementor-element elementor-element-d34de38 elementor-widget elementor-widget-video\" data-id=\"d34de38\" data-element_type=\"widget\" data-e-type=\"widget\" data-settings=\"{&quot;youtube_url&quot;:&quot;https:\\\/\\\/www.youtube.com\\\/watch?v=nj11g5weSL8&quot;,&quot;video_type&quot;:&quot;youtube&quot;,&quot;controls&quot;:&quot;yes&quot;}\" data-widget_type=\"video.default\">\n\t\t\t\t<div class=\"elementor-widget-container\">\n\t\t\t\t\t\t\t<div class=\"elementor-wrapper elementor-open-inline\">\n\t\t\t<div class=\"elementor-video\"><\/div>\t\t<\/div>\n\t\t\t\t\t\t<\/div>\n\t\t\t\t<\/div>\n\t\t\t\t\t<\/div>\n\t\t<\/div>\n\t\t\t\t\t<\/div>\n\t\t<\/section>\n\t\t\t\t<section class=\"elementor-section elementor-top-section elementor-element elementor-element-3529d75 elementor-section-boxed elementor-section-height-default elementor-section-height-default\" data-id=\"3529d75\" data-element_type=\"section\" data-e-type=\"section\">\n\t\t\t\t\t\t<div class=\"elementor-container elementor-column-gap-default\">\n\t\t\t\t\t<div class=\"elementor-column elementor-col-100 elementor-top-column elementor-element elementor-element-710c664\" data-id=\"710c664\" data-element_type=\"column\" data-e-type=\"column\">\n\t\t\t<div class=\"elementor-widget-wrap elementor-element-populated\">\n\t\t\t\t\t\t<div class=\"elementor-element elementor-element-fc5656a elementor-widget elementor-widget-spacer\" data-id=\"fc5656a\" data-element_type=\"widget\" data-e-type=\"widget\" data-widget_type=\"spacer.default\">\n\t\t\t\t<div class=\"elementor-widget-container\">\n\t\t\t\t\t\t\t<div class=\"elementor-spacer\">\n\t\t\t<div class=\"elementor-spacer-inner\"><\/div>\n\t\t<\/div>\n\t\t\t\t\t\t<\/div>\n\t\t\t\t<\/div>\n\t\t\t\t\t<\/div>\n\t\t<\/div>\n\t\t\t\t\t<\/div>\n\t\t<\/section>\n\t\t\t\t<section class=\"elementor-section elementor-top-section elementor-element elementor-element-614c7c3 elementor-section-boxed elementor-section-height-default elementor-section-height-default\" data-id=\"614c7c3\" data-element_type=\"section\" data-e-type=\"section\" data-settings=\"{&quot;background_background&quot;:&quot;classic&quot;}\">\n\t\t\t\t\t\t<div class=\"elementor-container elementor-column-gap-default\">\n\t\t\t\t\t<div class=\"elementor-column elementor-col-25 elementor-top-column elementor-element elementor-element-c0fd002\" data-id=\"c0fd002\" data-element_type=\"column\" data-e-type=\"column\">\n\t\t\t<div class=\"elementor-widget-wrap elementor-element-populated\">\n\t\t\t\t\t\t<div class=\"elementor-element elementor-element-fc780ab elementor-widget elementor-widget-spacer\" data-id=\"fc780ab\" data-element_type=\"widget\" data-e-type=\"widget\" data-widget_type=\"spacer.default\">\n\t\t\t\t<div class=\"elementor-widget-container\">\n\t\t\t\t\t\t\t<div class=\"elementor-spacer\">\n\t\t\t<div class=\"elementor-spacer-inner\"><\/div>\n\t\t<\/div>\n\t\t\t\t\t\t<\/div>\n\t\t\t\t<\/div>\n\t\t\t\t<div class=\"elementor-element elementor-element-b74ad71 elementor-position-inline-start elementor-view-default elementor-mobile-position-block-start elementor-widget elementor-widget-icon-box\" data-id=\"b74ad71\" data-element_type=\"widget\" data-e-type=\"widget\" data-widget_type=\"icon-box.default\">\n\t\t\t\t<div class=\"elementor-widget-container\">\n\t\t\t\t\t\t\t<div class=\"elementor-icon-box-wrapper\">\n\n\t\t\t\t\t\t<div class=\"elementor-icon-box-icon\">\n\t\t\t\t<span  class=\"elementor-icon\">\n\t\t\t\t<i aria-hidden=\"true\" class=\"fas fa-calendar\"><\/i>\t\t\t\t<\/span>\n\t\t\t<\/div>\n\t\t\t\n\t\t\t\t\t\t<div class=\"elementor-icon-box-content\">\n\n\t\t\t\t\t\t\t\t\t<h3 class=\"elementor-icon-box-title\">\n\t\t\t\t\t\t<span  >\n\t\t\t\t\t\t\tVenez manger \t\t\t\t\t\t<\/span>\n\t\t\t\t\t<\/h3>\n\t\t\t\t\n\t\t\t\t\t\t\t\t\t<p class=\"elementor-icon-box-description\">\n\t\t\t\t\t\tDu lundi au vendredi\nde 12h \u00e0 14h\t\t\t\t\t<\/p>\n\t\t\t\t\n\t\t\t<\/div>\n\t\t\t\n\t\t<\/div>\n\t\t\t\t\t\t<\/div>\n\t\t\t\t<\/div>\n\t\t\t\t\t<\/div>\n\t\t<\/div>\n\t\t\t\t<div class=\"elementor-column elementor-col-25 elementor-top-column elementor-element elementor-element-ff82c16\" data-id=\"ff82c16\" data-element_type=\"column\" data-e-type=\"column\">\n\t\t\t<div class=\"elementor-widget-wrap elementor-element-populated\">\n\t\t\t\t\t\t<div class=\"elementor-element elementor-element-aa1199c elementor-widget elementor-widget-spacer\" data-id=\"aa1199c\" data-element_type=\"widget\" data-e-type=\"widget\" data-widget_type=\"spacer.default\">\n\t\t\t\t<div class=\"elementor-widget-container\">\n\t\t\t\t\t\t\t<div class=\"elementor-spacer\">\n\t\t\t<div class=\"elementor-spacer-inner\"><\/div>\n\t\t<\/div>\n\t\t\t\t\t\t<\/div>\n\t\t\t\t<\/div>\n\t\t\t\t<div class=\"elementor-element elementor-element-5b48c01 elementor-position-inline-start elementor-view-default elementor-mobile-position-block-start elementor-widget elementor-widget-icon-box\" data-id=\"5b48c01\" data-element_type=\"widget\" data-e-type=\"widget\" data-widget_type=\"icon-box.default\">\n\t\t\t\t<div class=\"elementor-widget-container\">\n\t\t\t\t\t\t\t<div class=\"elementor-icon-box-wrapper\">\n\n\t\t\t\t\t\t<div class=\"elementor-icon-box-icon\">\n\t\t\t\t<span  class=\"elementor-icon\">\n\t\t\t\t<i aria-hidden=\"true\" class=\"fas fa-envelope\"><\/i>\t\t\t\t<\/span>\n\t\t\t<\/div>\n\t\t\t\n\t\t\t\t\t\t<div class=\"elementor-icon-box-content\">\n\n\t\t\t\t\t\t\t\t\t<h3 class=\"elementor-icon-box-title\">\n\t\t\t\t\t\t<span  >\n\t\t\t\t\t\t\tContactez-nous\t\t\t\t\t\t<\/span>\n\t\t\t\t\t<\/h3>\n\t\t\t\t\n\t\t\t\t\t\t\t\t\t<p class=\"elementor-icon-box-description\">\n\t\t\t\t\t\tlesunsetlesautres@mloc1080.be\t\t\t\t\t<\/p>\n\t\t\t\t\n\t\t\t<\/div>\n\t\t\t\n\t\t<\/div>\n\t\t\t\t\t\t<\/div>\n\t\t\t\t<\/div>\n\t\t\t\t\t<\/div>\n\t\t<\/div>\n\t\t\t\t<div class=\"elementor-column elementor-col-25 elementor-top-column elementor-element elementor-element-d001784\" data-id=\"d001784\" data-element_type=\"column\" data-e-type=\"column\">\n\t\t\t<div class=\"elementor-widget-wrap elementor-element-populated\">\n\t\t\t\t\t\t<div class=\"elementor-element elementor-element-aee40a4 elementor-widget elementor-widget-spacer\" data-id=\"aee40a4\" data-element_type=\"widget\" data-e-type=\"widget\" data-widget_type=\"spacer.default\">\n\t\t\t\t<div class=\"elementor-widget-container\">\n\t\t\t\t\t\t\t<div class=\"elementor-spacer\">\n\t\t\t<div class=\"elementor-spacer-inner\"><\/div>\n\t\t<\/div>\n\t\t\t\t\t\t<\/div>\n\t\t\t\t<\/div>\n\t\t\t\t<div class=\"elementor-element elementor-element-3e9e368 elementor-position-inline-start elementor-view-default elementor-mobile-position-block-start elementor-widget elementor-widget-icon-box\" data-id=\"3e9e368\" data-element_type=\"widget\" data-e-type=\"widget\" data-widget_type=\"icon-box.default\">\n\t\t\t\t<div class=\"elementor-widget-container\">\n\t\t\t\t\t\t\t<div class=\"elementor-icon-box-wrapper\">\n\n\t\t\t\t\t\t<div class=\"elementor-icon-box-icon\">\n\t\t\t\t<span  class=\"elementor-icon\">\n\t\t\t\t<i aria-hidden=\"true\" class=\"fas fa-phone-alt\"><\/i>\t\t\t\t<\/span>\n\t\t\t<\/div>\n\t\t\t\n\t\t\t\t\t\t<div class=\"elementor-icon-box-content\">\n\n\t\t\t\t\t\t\t\t\t<h3 class=\"elementor-icon-box-title\">\n\t\t\t\t\t\t<span  >\n\t\t\t\t\t\t\tAppelez-nous\t\t\t\t\t\t<\/span>\n\t\t\t\t\t<\/h3>\n\t\t\t\t\n\t\t\t\t\t\t\t\t\t<p class=\"elementor-icon-box-description\">\n\t\t\t\t\t\t +32 2 410 09 60\t\t\t\t\t<\/p>\n\t\t\t\t\n\t\t\t<\/div>\n\t\t\t\n\t\t<\/div>\n\t\t\t\t\t\t<\/div>\n\t\t\t\t<\/div>\n\t\t\t\t\t<\/div>\n\t\t<\/div>\n\t\t\t\t<div class=\"elementor-column elementor-col-25 elementor-top-column elementor-element elementor-element-88a0003\" data-id=\"88a0003\" data-element_type=\"column\" data-e-type=\"column\">\n\t\t\t<div class=\"elementor-widget-wrap elementor-element-populated\">\n\t\t\t\t\t\t<div class=\"elementor-element elementor-element-74d3418 elementor-widget elementor-widget-spacer\" data-id=\"74d3418\" data-element_type=\"widget\" data-e-type=\"widget\" data-widget_type=\"spacer.default\">\n\t\t\t\t<div class=\"elementor-widget-container\">\n\t\t\t\t\t\t\t<div class=\"elementor-spacer\">\n\t\t\t<div class=\"elementor-spacer-inner\"><\/div>\n\t\t<\/div>\n\t\t\t\t\t\t<\/div>\n\t\t\t\t<\/div>\n\t\t\t\t<div class=\"elementor-element elementor-element-54782b5 elementor-position-inline-start elementor-view-default elementor-mobile-position-block-start elementor-widget elementor-widget-icon-box\" data-id=\"54782b5\" data-element_type=\"widget\" data-e-type=\"widget\" data-widget_type=\"icon-box.default\">\n\t\t\t\t<div class=\"elementor-widget-container\">\n\t\t\t\t\t\t\t<div class=\"elementor-icon-box-wrapper\">\n\n\t\t\t\t\t\t<div class=\"elementor-icon-box-icon\">\n\t\t\t\t<span  class=\"elementor-icon\">\n\t\t\t\t<i aria-hidden=\"true\" class=\"fas fa-map-marker-alt\"><\/i>\t\t\t\t<\/span>\n\t\t\t<\/div>\n\t\t\t\n\t\t\t\t\t\t<div class=\"elementor-icon-box-content\">\n\n\t\t\t\t\t\t\t\t\t<h3 class=\"elementor-icon-box-title\">\n\t\t\t\t\t\t<span  >\n\t\t\t\t\t\t\tTrouvez-nous\t\t\t\t\t\t<\/span>\n\t\t\t\t\t<\/h3>\n\t\t\t\t\n\t\t\t\t\t\t\t\t\t<p class=\"elementor-icon-box-description\">\n\t\t\t\t\t\tRue du Comte de Flandre, 13\n1080 Molenbeek-Saint-Jean\t\t\t\t\t<\/p>\n\t\t\t\t\n\t\t\t<\/div>\n\t\t\t\n\t\t<\/div>\n\t\t\t\t\t\t<\/div>\n\t\t\t\t<\/div>\n\t\t\t\t\t<\/div>\n\t\t<\/div>\n\t\t\t\t\t<\/div>\n\t\t<\/section>\n\t\t\t\t<section class=\"elementor-section elementor-top-section elementor-element elementor-element-fd5526a elementor-section-boxed elementor-section-height-default elementor-section-height-default\" data-id=\"fd5526a\" data-element_type=\"section\" data-e-type=\"section\">\n\t\t\t\t\t\t<div class=\"elementor-container elementor-column-gap-default\">\n\t\t\t\t\t<div class=\"elementor-column elementor-col-100 elementor-top-column elementor-element elementor-element-acdb42d\" data-id=\"acdb42d\" data-element_type=\"column\" data-e-type=\"column\">\n\t\t\t<div class=\"elementor-widget-wrap elementor-element-populated\">\n\t\t\t\t\t\t<div class=\"elementor-element elementor-element-fbc7675 elementor-widget elementor-widget-image\" data-id=\"fbc7675\" data-element_type=\"widget\" data-e-type=\"widget\" data-widget_type=\"image.default\">\n\t\t\t\t<div class=\"elementor-widget-container\">\n\t\t\t\t\t\t\t\t\t\t\t\t\t\t\t<img loading=\"lazy\" decoding=\"async\" width=\"600\" height=\"200\" src=\"https:\/\/www.lesunsetlesautres.be\/lula\/wp-content\/uploads\/2024\/07\/LOGOS.png\" class=\"attachment-large size-large wp-image-1060\" alt=\"\" srcset=\"https:\/\/www.lesunsetlesautres.be\/lula\/wp-content\/uploads\/2024\/07\/LOGOS.png 600w, https:\/\/www.lesunsetlesautres.be\/lula\/wp-content\/uploads\/2024\/07\/LOGOS-300x100.png 300w\" sizes=\"(max-width: 600px) 100vw, 600px\" \/>\t\t\t\t\t\t\t\t\t\t\t\t\t\t\t<\/div>\n\t\t\t\t<\/div>\n\t\t\t\t\t<\/div>\n\t\t<\/div>\n\t\t\t\t\t<\/div>\n\t\t<\/section>\n\t\t\t\t<\/div>\n\t\t","protected":false},"excerpt":{"rendered":"<p>Un projet d\u2019insertion socioprofessionnelle C\u2019est une \u00e9quipe de commis de cuisine\/salle qui se forme. Ils s\u2019entra\u00eenent au jour le jour \u00e0 la pratique de leur m\u00e9tier, encadr\u00e9s par des formateurs cuisiniers professionnels. Venez travailler chez nous ! Projet de coh\u00e9sion sociale LULA, c\u2019est un lieu accueillant qui permet&nbsp;la rencontre, la mixit\u00e9 sociale, culturelle et g\u00e9n\u00e9rationnelle autour d\u2019un repas au restaurant.&nbsp; Notre jardinier\/animateur organise des ateliers&nbsp;autour de la biodiversit\u00e9, le jardinage, la nature.&nbsp;Ils sont accessibles \u00e0 tous Le programme de nos animations au jardin est affich\u00e9 au restaurant.Venez vous mettre au vert au c\u0153ur de Molenbeek ! Le Ralliement des Fourchettes Venez manger Du lundi au vendredi de 12h \u00e0 14h Contactez-nous lesunsetlesautres@mloc1080.be Appelez-nous +32 2 410 09 60 Trouvez-nous Rue du Comte de Flandre, 13 1080 Molenbeek-Saint-Jean<\/p>\n","protected":false},"author":2,"featured_media":0,"parent":0,"menu_order":0,"comment_status":"closed","ping_status":"closed","template":"","meta":{"footnotes":""},"class_list":["post-199","page","type-page","status-publish","hentry"],"_links":{"self":[{"href":"https:\/\/www.lesunsetlesautres.be\/lula\/wp-json\/wp\/v2\/pages\/199","targetHints":{"allow":["GET"]}}],"collection":[{"href":"https:\/\/www.lesunsetlesautres.be\/lula\/wp-json\/wp\/v2\/pages"}],"about":[{"href":"https:\/\/www.lesunsetlesautres.be\/lula\/wp-json\/wp\/v2\/types\/page"}],"author":[{"embeddable":true,"href":"https:\/\/www.lesunsetlesautres.be\/lula\/wp-json\/wp\/v2\/users\/2"}],"replies":[{"embeddable":true,"href":"https:\/\/www.lesunsetlesautres.be\/lula\/wp-json\/wp\/v2\/comments?post=199"}],"version-history":[{"count":58,"href":"https:\/\/www.lesunsetlesautres.be\/lula\/wp-json\/wp\/v2\/pages\/199\/revisions"}],"predecessor-version":[{"id":1176,"href":"https:\/\/www.lesunsetlesautres.be\/lula\/wp-json\/wp\/v2\/pages\/199\/revisions\/1176"}],"wp:attachment":[{"href":"https:\/\/www.lesunsetlesautres.be\/lula\/wp-json\/wp\/v2\/media?parent=199"}],"curies":[{"name":"wp","href":"https:\/\/api.w.org\/{rel}","templated":true}]}}