{"id":21,"date":"2022-02-28T16:58:38","date_gmt":"2022-02-28T15:58:38","guid":{"rendered":"https:\/\/www.mloc1080.be\/lula\/?page_id=21"},"modified":"2024-07-08T16:39:42","modified_gmt":"2024-07-08T14:39:42","slug":"restaurant-social","status":"publish","type":"page","link":"https:\/\/www.lesunsetlesautres.be\/lula\/restaurant-social\/","title":{"rendered":"Restaurant"},"content":{"rendered":"\t\t<div data-elementor-type=\"wp-page\" data-elementor-id=\"21\" class=\"elementor elementor-21\" data-elementor-post-type=\"page\">\n\t\t\t\t\t\t<section class=\"elementor-section elementor-top-section elementor-element elementor-element-683c4b4 elementor-section-boxed elementor-section-height-default elementor-section-height-default\" data-id=\"683c4b4\" data-element_type=\"section\" data-e-type=\"section\">\n\t\t\t\t\t\t<div class=\"elementor-container elementor-column-gap-default\">\n\t\t\t\t\t<div class=\"elementor-column elementor-col-100 elementor-top-column elementor-element elementor-element-1148e3e\" data-id=\"1148e3e\" data-element_type=\"column\" data-e-type=\"column\">\n\t\t\t<div class=\"elementor-widget-wrap elementor-element-populated\">\n\t\t\t\t\t\t<div class=\"elementor-element elementor-element-5038e18 elementor-widget elementor-widget-image\" data-id=\"5038e18\" data-element_type=\"widget\" data-e-type=\"widget\" data-widget_type=\"image.default\">\n\t\t\t\t<div class=\"elementor-widget-container\">\n\t\t\t\t\t\t\t\t\t\t\t\t\t\t\t<img fetchpriority=\"high\" decoding=\"async\" width=\"960\" height=\"523\" src=\"https:\/\/www.lesunsetlesautres.be\/lula\/wp-content\/uploads\/2022\/03\/terrasse-resto-1024x558.jpg\" class=\"attachment-large size-large wp-image-49\" alt=\"\" srcset=\"https:\/\/www.lesunsetlesautres.be\/lula\/wp-content\/uploads\/2022\/03\/terrasse-resto-1024x558.jpg 1024w, https:\/\/www.lesunsetlesautres.be\/lula\/wp-content\/uploads\/2022\/03\/terrasse-resto-300x163.jpg 300w, https:\/\/www.lesunsetlesautres.be\/lula\/wp-content\/uploads\/2022\/03\/terrasse-resto-768x418.jpg 768w, https:\/\/www.lesunsetlesautres.be\/lula\/wp-content\/uploads\/2022\/03\/terrasse-resto-1536x836.jpg 1536w, https:\/\/www.lesunsetlesautres.be\/lula\/wp-content\/uploads\/2022\/03\/terrasse-resto-2048x1115.jpg 2048w, https:\/\/www.lesunsetlesautres.be\/lula\/wp-content\/uploads\/2022\/03\/terrasse-resto-1140x621.jpg 1140w\" sizes=\"(max-width: 960px) 100vw, 960px\" \/>\t\t\t\t\t\t\t\t\t\t\t\t\t\t\t<\/div>\n\t\t\t\t<\/div>\n\t\t\t\t\t<\/div>\n\t\t<\/div>\n\t\t\t\t\t<\/div>\n\t\t<\/section>\n\t\t\t\t<section class=\"elementor-section elementor-top-section elementor-element elementor-element-f7fa1a9 elementor-section-boxed elementor-section-height-default elementor-section-height-default\" data-id=\"f7fa1a9\" data-element_type=\"section\" data-e-type=\"section\">\n\t\t\t\t\t\t<div class=\"elementor-container elementor-column-gap-default\">\n\t\t\t\t\t<div class=\"elementor-column elementor-col-100 elementor-top-column elementor-element elementor-element-8569b5c\" data-id=\"8569b5c\" data-element_type=\"column\" data-e-type=\"column\">\n\t\t\t<div class=\"elementor-widget-wrap elementor-element-populated\">\n\t\t\t\t\t\t<div class=\"elementor-element elementor-element-14d0fac elementor-widget elementor-widget-text-editor\" data-id=\"14d0fac\" data-element_type=\"widget\" data-e-type=\"widget\" data-widget_type=\"text-editor.default\">\n\t\t\t\t<div class=\"elementor-widget-container\">\n\t\t\t\t\t\t\t\t\t<p class=\"_04xlpA direction-ltr align-center para-style-body\"><span class=\"JsGRdQ\">Les chercheurs d&#8217;emploi, les personnes pensionn\u00e9es, les personnes \u00e0 charge <\/span><span class=\"JsGRdQ\">de la mutuelle, celles aid\u00e9es par le CPAS, les personnes n&rsquo;ayant pas de moyens <\/span><span class=\"JsGRdQ\">de subsistance et les enfants de 4 \u00e0 17 ans b\u00e9n\u00e9ficient d&rsquo;un <strong>tarif <\/strong><\/span><strong><span class=\"JsGRdQ\">r\u00e9duit <\/span><\/strong><span class=\"JsGRdQ\">ou <\/span><strong><span class=\"JsGRdQ\">minimal<\/span><\/strong><span class=\"JsGRdQ\">.\u00a0<\/span><span class=\"JsGRdQ\">Menu <\/span><span class=\"JsGRdQ\"><strong>gratuit<\/strong> <\/span><span class=\"JsGRdQ\">pour <\/span><strong><span class=\"JsGRdQ\">les enfants de moins de 4 ans<\/span><\/strong><span class=\"JsGRdQ\">.<\/span><\/p>\t\t\t\t\t\t\t\t<\/div>\n\t\t\t\t<\/div>\n\t\t\t\t\t<\/div>\n\t\t<\/div>\n\t\t\t\t\t<\/div>\n\t\t<\/section>\n\t\t\t\t<section class=\"elementor-section elementor-top-section elementor-element elementor-element-d97a1fb elementor-section-boxed elementor-section-height-default elementor-section-height-default\" data-id=\"d97a1fb\" data-element_type=\"section\" data-e-type=\"section\">\n\t\t\t\t\t\t<div class=\"elementor-container elementor-column-gap-default\">\n\t\t\t\t\t<div class=\"elementor-column elementor-col-50 elementor-top-column elementor-element elementor-element-b81fb64\" data-id=\"b81fb64\" data-element_type=\"column\" data-e-type=\"column\">\n\t\t\t<div class=\"elementor-widget-wrap elementor-element-populated\">\n\t\t\t\t\t\t<div class=\"elementor-element elementor-element-acaa469 elementor-widget elementor-widget-heading\" data-id=\"acaa469\" data-element_type=\"widget\" data-e-type=\"widget\" data-widget_type=\"heading.default\">\n\t\t\t\t<div class=\"elementor-widget-container\">\n\t\t\t\t\t<h2 class=\"elementor-heading-title elementor-size-default\">Tarifs <\/h2>\t\t\t\t<\/div>\n\t\t\t\t<\/div>\n\t\t\t\t<div class=\"elementor-element elementor-element-49eb71c elementor-widget elementor-widget-text-editor\" data-id=\"49eb71c\" data-element_type=\"widget\" data-e-type=\"widget\" data-widget_type=\"text-editor.default\">\n\t\t\t\t<div class=\"elementor-widget-container\">\n\t\t\t\t\t\t\t\t\t<p><strong class=\"spip\">Tarif plein<\/strong>\u00a0: 8,50 \u20ac<\/p><p><strong class=\"spip\">Tarif r\u00e9duit<\/strong>\u00a0: 6 \u20ac\u00a0<\/p><ul><li>Chercheur d\u2019emploi, pensionn\u00e9, personne \u00e0 charge de la mutuelle, personne sous contrat Article 60, \u00e9tudiant.<\/li><\/ul><p><strong class=\"spip\">Tarif minimal<\/strong>\u00a0: 4 \u20ac\u00a0<\/p><ul><li>personne aid\u00e9e par le CPAS, b\u00e9n\u00e9ficiaire de l\u2019intervention major\u00e9e \u00e0 la mutuelle (statut BIM \u2013 Omnio &#8211; VIPO), personne sans papier (ou sans moyens de subsistance).<\/li><\/ul><p><strong class=\"spip\">Tarif sp\u00e9cial jeune et enfant :<\/strong><\/p><ul class=\"spip\"><li class=\"spip\">O \u2013 4 ans\u00a0: gratuit (maximum 2 enfants par adulte payant)<\/li><li class=\"spip\">4 \u2013 12 ans\u00a0: 3 \u20ac (maximum 2 enfants par adulte payant)<\/li><li class=\"spip\">12 \u2013 17 ans\u00a0: 5 \u20ac (r\u00e9duit \u00e0 4 \u20ac si adulte accompagnant b\u00e9n\u00e9ficie du tarif r\u00e9duit \u00e0 4 \u20ac)<\/li><\/ul><p><strong class=\"spip\">Pour obtenir le tarif r\u00e9duit<\/strong>\u00a0: la r\u00e9duction est accord\u00e9e moyennant pr\u00e9sentation de la carte d\u2019identit\u00e9 et de l\u2019attestation ad\u00e9quate.\u00a0<\/p>\t\t\t\t\t\t\t\t<\/div>\n\t\t\t\t<\/div>\n\t\t\t\t\t<\/div>\n\t\t<\/div>\n\t\t\t\t<div class=\"elementor-column elementor-col-50 elementor-top-column elementor-element elementor-element-f1dc2d9\" data-id=\"f1dc2d9\" data-element_type=\"column\" data-e-type=\"column\">\n\t\t\t<div class=\"elementor-widget-wrap elementor-element-populated\">\n\t\t\t\t\t\t<div class=\"elementor-element elementor-element-eed05f7 elementor-widget elementor-widget-video\" data-id=\"eed05f7\" data-element_type=\"widget\" data-e-type=\"widget\" data-settings=\"{&quot;youtube_url&quot;:&quot;https:\\\/\\\/www.youtube.com\\\/watch?v=uvYjuGKQCWs&quot;,&quot;video_type&quot;:&quot;youtube&quot;,&quot;controls&quot;:&quot;yes&quot;}\" data-widget_type=\"video.default\">\n\t\t\t\t<div class=\"elementor-widget-container\">\n\t\t\t\t\t\t\t<div class=\"elementor-wrapper elementor-open-inline\">\n\t\t\t<div class=\"elementor-video\"><\/div>\t\t<\/div>\n\t\t\t\t\t\t<\/div>\n\t\t\t\t<\/div>\n\t\t\t\t\t<\/div>\n\t\t<\/div>\n\t\t\t\t\t<\/div>\n\t\t<\/section>\n\t\t\t\t<section class=\"elementor-section elementor-top-section elementor-element elementor-element-1820734 elementor-section-boxed elementor-section-height-default elementor-section-height-default\" data-id=\"1820734\" data-element_type=\"section\" data-e-type=\"section\">\n\t\t\t\t\t\t<div class=\"elementor-container elementor-column-gap-default\">\n\t\t\t\t\t<div class=\"elementor-column elementor-col-100 elementor-top-column elementor-element elementor-element-2f8ad2e\" data-id=\"2f8ad2e\" data-element_type=\"column\" data-e-type=\"column\">\n\t\t\t<div class=\"elementor-widget-wrap elementor-element-populated\">\n\t\t\t\t\t\t<div class=\"elementor-element elementor-element-580e827 elementor-widget elementor-widget-spacer\" data-id=\"580e827\" data-element_type=\"widget\" data-e-type=\"widget\" data-widget_type=\"spacer.default\">\n\t\t\t\t<div class=\"elementor-widget-container\">\n\t\t\t\t\t\t\t<div class=\"elementor-spacer\">\n\t\t\t<div class=\"elementor-spacer-inner\"><\/div>\n\t\t<\/div>\n\t\t\t\t\t\t<\/div>\n\t\t\t\t<\/div>\n\t\t\t\t\t<\/div>\n\t\t<\/div>\n\t\t\t\t\t<\/div>\n\t\t<\/section>\n\t\t\t\t<section class=\"elementor-section elementor-top-section elementor-element elementor-element-5657f37 elementor-section-boxed elementor-section-height-default elementor-section-height-default\" data-id=\"5657f37\" data-element_type=\"section\" data-e-type=\"section\" data-settings=\"{&quot;background_background&quot;:&quot;classic&quot;}\">\n\t\t\t\t\t\t<div class=\"elementor-container elementor-column-gap-default\">\n\t\t\t\t\t<div class=\"elementor-column elementor-col-25 elementor-top-column elementor-element elementor-element-0f6b786\" data-id=\"0f6b786\" data-element_type=\"column\" data-e-type=\"column\">\n\t\t\t<div class=\"elementor-widget-wrap elementor-element-populated\">\n\t\t\t\t\t\t<div class=\"elementor-element elementor-element-063e6eb elementor-widget elementor-widget-spacer\" data-id=\"063e6eb\" data-element_type=\"widget\" data-e-type=\"widget\" data-widget_type=\"spacer.default\">\n\t\t\t\t<div class=\"elementor-widget-container\">\n\t\t\t\t\t\t\t<div class=\"elementor-spacer\">\n\t\t\t<div class=\"elementor-spacer-inner\"><\/div>\n\t\t<\/div>\n\t\t\t\t\t\t<\/div>\n\t\t\t\t<\/div>\n\t\t\t\t<div class=\"elementor-element elementor-element-f3af9df elementor-position-inline-start elementor-view-default elementor-mobile-position-block-start elementor-widget elementor-widget-icon-box\" data-id=\"f3af9df\" data-element_type=\"widget\" data-e-type=\"widget\" data-widget_type=\"icon-box.default\">\n\t\t\t\t<div class=\"elementor-widget-container\">\n\t\t\t\t\t\t\t<div class=\"elementor-icon-box-wrapper\">\n\n\t\t\t\t\t\t<div class=\"elementor-icon-box-icon\">\n\t\t\t\t<span  class=\"elementor-icon\">\n\t\t\t\t<i aria-hidden=\"true\" class=\"fas fa-calendar\"><\/i>\t\t\t\t<\/span>\n\t\t\t<\/div>\n\t\t\t\n\t\t\t\t\t\t<div class=\"elementor-icon-box-content\">\n\n\t\t\t\t\t\t\t\t\t<h3 class=\"elementor-icon-box-title\">\n\t\t\t\t\t\t<span  >\n\t\t\t\t\t\t\tVenez manger \t\t\t\t\t\t<\/span>\n\t\t\t\t\t<\/h3>\n\t\t\t\t\n\t\t\t\t\t\t\t\t\t<p class=\"elementor-icon-box-description\">\n\t\t\t\t\t\tDu lundi au vendredi\nde 12h \u00e0 14h\t\t\t\t\t<\/p>\n\t\t\t\t\n\t\t\t<\/div>\n\t\t\t\n\t\t<\/div>\n\t\t\t\t\t\t<\/div>\n\t\t\t\t<\/div>\n\t\t\t\t\t<\/div>\n\t\t<\/div>\n\t\t\t\t<div class=\"elementor-column elementor-col-25 elementor-top-column elementor-element elementor-element-57cfd34\" data-id=\"57cfd34\" data-element_type=\"column\" data-e-type=\"column\">\n\t\t\t<div class=\"elementor-widget-wrap elementor-element-populated\">\n\t\t\t\t\t\t<div class=\"elementor-element elementor-element-f4e016a elementor-widget elementor-widget-spacer\" data-id=\"f4e016a\" data-element_type=\"widget\" data-e-type=\"widget\" data-widget_type=\"spacer.default\">\n\t\t\t\t<div class=\"elementor-widget-container\">\n\t\t\t\t\t\t\t<div class=\"elementor-spacer\">\n\t\t\t<div class=\"elementor-spacer-inner\"><\/div>\n\t\t<\/div>\n\t\t\t\t\t\t<\/div>\n\t\t\t\t<\/div>\n\t\t\t\t<div class=\"elementor-element elementor-element-6023158 elementor-position-inline-start elementor-view-default elementor-mobile-position-block-start elementor-widget elementor-widget-icon-box\" data-id=\"6023158\" data-element_type=\"widget\" data-e-type=\"widget\" data-widget_type=\"icon-box.default\">\n\t\t\t\t<div class=\"elementor-widget-container\">\n\t\t\t\t\t\t\t<div class=\"elementor-icon-box-wrapper\">\n\n\t\t\t\t\t\t<div class=\"elementor-icon-box-icon\">\n\t\t\t\t<span  class=\"elementor-icon\">\n\t\t\t\t<i aria-hidden=\"true\" class=\"fas fa-envelope\"><\/i>\t\t\t\t<\/span>\n\t\t\t<\/div>\n\t\t\t\n\t\t\t\t\t\t<div class=\"elementor-icon-box-content\">\n\n\t\t\t\t\t\t\t\t\t<h3 class=\"elementor-icon-box-title\">\n\t\t\t\t\t\t<span  >\n\t\t\t\t\t\t\tContactez-nous\t\t\t\t\t\t<\/span>\n\t\t\t\t\t<\/h3>\n\t\t\t\t\n\t\t\t\t\t\t\t\t\t<p class=\"elementor-icon-box-description\">\n\t\t\t\t\t\tlesunsetlesautres@mloc1080.be\t\t\t\t\t<\/p>\n\t\t\t\t\n\t\t\t<\/div>\n\t\t\t\n\t\t<\/div>\n\t\t\t\t\t\t<\/div>\n\t\t\t\t<\/div>\n\t\t\t\t\t<\/div>\n\t\t<\/div>\n\t\t\t\t<div class=\"elementor-column elementor-col-25 elementor-top-column elementor-element elementor-element-4b2637b\" data-id=\"4b2637b\" data-element_type=\"column\" data-e-type=\"column\">\n\t\t\t<div class=\"elementor-widget-wrap elementor-element-populated\">\n\t\t\t\t\t\t<div class=\"elementor-element elementor-element-2019a41 elementor-widget elementor-widget-spacer\" data-id=\"2019a41\" data-element_type=\"widget\" data-e-type=\"widget\" data-widget_type=\"spacer.default\">\n\t\t\t\t<div class=\"elementor-widget-container\">\n\t\t\t\t\t\t\t<div class=\"elementor-spacer\">\n\t\t\t<div class=\"elementor-spacer-inner\"><\/div>\n\t\t<\/div>\n\t\t\t\t\t\t<\/div>\n\t\t\t\t<\/div>\n\t\t\t\t<div class=\"elementor-element elementor-element-5ef9706 elementor-position-inline-start elementor-view-default elementor-mobile-position-block-start elementor-widget elementor-widget-icon-box\" data-id=\"5ef9706\" data-element_type=\"widget\" data-e-type=\"widget\" data-widget_type=\"icon-box.default\">\n\t\t\t\t<div class=\"elementor-widget-container\">\n\t\t\t\t\t\t\t<div class=\"elementor-icon-box-wrapper\">\n\n\t\t\t\t\t\t<div class=\"elementor-icon-box-icon\">\n\t\t\t\t<span  class=\"elementor-icon\">\n\t\t\t\t<i aria-hidden=\"true\" class=\"fas fa-phone-alt\"><\/i>\t\t\t\t<\/span>\n\t\t\t<\/div>\n\t\t\t\n\t\t\t\t\t\t<div class=\"elementor-icon-box-content\">\n\n\t\t\t\t\t\t\t\t\t<h3 class=\"elementor-icon-box-title\">\n\t\t\t\t\t\t<span  >\n\t\t\t\t\t\t\tAppelez-nous\t\t\t\t\t\t<\/span>\n\t\t\t\t\t<\/h3>\n\t\t\t\t\n\t\t\t\t\t\t\t\t\t<p class=\"elementor-icon-box-description\">\n\t\t\t\t\t\t +32 2 410 09 60\t\t\t\t\t<\/p>\n\t\t\t\t\n\t\t\t<\/div>\n\t\t\t\n\t\t<\/div>\n\t\t\t\t\t\t<\/div>\n\t\t\t\t<\/div>\n\t\t\t\t\t<\/div>\n\t\t<\/div>\n\t\t\t\t<div class=\"elementor-column elementor-col-25 elementor-top-column elementor-element elementor-element-4f85066\" data-id=\"4f85066\" data-element_type=\"column\" data-e-type=\"column\">\n\t\t\t<div class=\"elementor-widget-wrap elementor-element-populated\">\n\t\t\t\t\t\t<div class=\"elementor-element elementor-element-209f8c6 elementor-widget elementor-widget-spacer\" data-id=\"209f8c6\" data-element_type=\"widget\" data-e-type=\"widget\" data-widget_type=\"spacer.default\">\n\t\t\t\t<div class=\"elementor-widget-container\">\n\t\t\t\t\t\t\t<div class=\"elementor-spacer\">\n\t\t\t<div class=\"elementor-spacer-inner\"><\/div>\n\t\t<\/div>\n\t\t\t\t\t\t<\/div>\n\t\t\t\t<\/div>\n\t\t\t\t<div class=\"elementor-element elementor-element-3a4a32a elementor-position-inline-start elementor-view-default elementor-mobile-position-block-start elementor-widget elementor-widget-icon-box\" data-id=\"3a4a32a\" data-element_type=\"widget\" data-e-type=\"widget\" data-widget_type=\"icon-box.default\">\n\t\t\t\t<div class=\"elementor-widget-container\">\n\t\t\t\t\t\t\t<div class=\"elementor-icon-box-wrapper\">\n\n\t\t\t\t\t\t<div class=\"elementor-icon-box-icon\">\n\t\t\t\t<span  class=\"elementor-icon\">\n\t\t\t\t<i aria-hidden=\"true\" class=\"fas fa-map-marker-alt\"><\/i>\t\t\t\t<\/span>\n\t\t\t<\/div>\n\t\t\t\n\t\t\t\t\t\t<div class=\"elementor-icon-box-content\">\n\n\t\t\t\t\t\t\t\t\t<h3 class=\"elementor-icon-box-title\">\n\t\t\t\t\t\t<span  >\n\t\t\t\t\t\t\tTrouvez-nous\t\t\t\t\t\t<\/span>\n\t\t\t\t\t<\/h3>\n\t\t\t\t\n\t\t\t\t\t\t\t\t\t<p class=\"elementor-icon-box-description\">\n\t\t\t\t\t\tRue du Comte de Flandre, 13\n1080 Molenbeek-Saint-Jean\t\t\t\t\t<\/p>\n\t\t\t\t\n\t\t\t<\/div>\n\t\t\t\n\t\t<\/div>\n\t\t\t\t\t\t<\/div>\n\t\t\t\t<\/div>\n\t\t\t\t\t<\/div>\n\t\t<\/div>\n\t\t\t\t\t<\/div>\n\t\t<\/section>\n\t\t\t\t<section class=\"elementor-section elementor-top-section elementor-element elementor-element-9a18f06 elementor-section-boxed elementor-section-height-default elementor-section-height-default\" data-id=\"9a18f06\" data-element_type=\"section\" data-e-type=\"section\">\n\t\t\t\t\t\t<div class=\"elementor-container elementor-column-gap-default\">\n\t\t\t\t\t<div class=\"elementor-column elementor-col-100 elementor-top-column elementor-element elementor-element-a58db5e\" data-id=\"a58db5e\" data-element_type=\"column\" data-e-type=\"column\">\n\t\t\t<div class=\"elementor-widget-wrap elementor-element-populated\">\n\t\t\t\t\t\t<div class=\"elementor-element elementor-element-ed86f7a elementor-widget elementor-widget-image\" data-id=\"ed86f7a\" data-element_type=\"widget\" data-e-type=\"widget\" data-widget_type=\"image.default\">\n\t\t\t\t<div class=\"elementor-widget-container\">\n\t\t\t\t\t\t\t\t\t\t\t\t\t\t\t<img decoding=\"async\" width=\"600\" height=\"200\" src=\"https:\/\/www.lesunsetlesautres.be\/lula\/wp-content\/uploads\/2024\/07\/LOGOS.png\" class=\"attachment-large size-large wp-image-1060\" alt=\"\" srcset=\"https:\/\/www.lesunsetlesautres.be\/lula\/wp-content\/uploads\/2024\/07\/LOGOS.png 600w, https:\/\/www.lesunsetlesautres.be\/lula\/wp-content\/uploads\/2024\/07\/LOGOS-300x100.png 300w\" sizes=\"(max-width: 600px) 100vw, 600px\" \/>\t\t\t\t\t\t\t\t\t\t\t\t\t\t\t<\/div>\n\t\t\t\t<\/div>\n\t\t\t\t\t<\/div>\n\t\t<\/div>\n\t\t\t\t\t<\/div>\n\t\t<\/section>\n\t\t\t\t<\/div>\n\t\t","protected":false},"excerpt":{"rendered":"<p>Les chercheurs d&#8217;emploi, les personnes pensionn\u00e9es, les personnes \u00e0 charge de la mutuelle, celles aid\u00e9es par le CPAS, les personnes n&rsquo;ayant pas de moyens de subsistance et les enfants de 4 \u00e0 17 ans b\u00e9n\u00e9ficient d&rsquo;un tarif r\u00e9duit ou minimal.\u00a0Menu gratuit pour les enfants de moins de 4 ans. Tarifs Tarif plein\u00a0: 8,50 \u20ac Tarif r\u00e9duit\u00a0: 6 \u20ac\u00a0 Chercheur d\u2019emploi, pensionn\u00e9, personne \u00e0 charge de la mutuelle, personne sous contrat Article 60, \u00e9tudiant. Tarif minimal\u00a0: 4 \u20ac\u00a0 personne aid\u00e9e par le CPAS, b\u00e9n\u00e9ficiaire de l\u2019intervention major\u00e9e \u00e0 la mutuelle (statut BIM \u2013 Omnio &#8211; VIPO), personne sans papier (ou sans moyens de subsistance). Tarif sp\u00e9cial jeune et enfant : O \u2013 4 ans\u00a0: gratuit (maximum 2 enfants par adulte payant) 4 \u2013 12 ans\u00a0: 3 \u20ac (maximum 2 enfants par adulte payant) 12 \u2013 17 ans\u00a0: 5 \u20ac (r\u00e9duit \u00e0 4 \u20ac si adulte accompagnant b\u00e9n\u00e9ficie du tarif r\u00e9duit \u00e0 4 \u20ac) Pour obtenir le tarif r\u00e9duit\u00a0: la r\u00e9duction est accord\u00e9e moyennant pr\u00e9sentation de la carte d\u2019identit\u00e9 et de l\u2019attestation ad\u00e9quate.\u00a0 https:\/\/www.youtube.com\/watch?v=uvYjuGKQCWs Venez manger Du lundi au vendredi de 12h \u00e0 14h Contactez-nous lesunsetlesautres@mloc1080.be Appelez-nous +32 2 410 09 60 Trouvez-nous Rue du Comte de Flandre, 13 1080 Molenbeek-Saint-Jean<\/p>\n","protected":false},"author":2,"featured_media":0,"parent":0,"menu_order":0,"comment_status":"closed","ping_status":"closed","template":"","meta":{"footnotes":""},"class_list":["post-21","page","type-page","status-publish","hentry"],"_links":{"self":[{"href":"https:\/\/www.lesunsetlesautres.be\/lula\/wp-json\/wp\/v2\/pages\/21","targetHints":{"allow":["GET"]}}],"collection":[{"href":"https:\/\/www.lesunsetlesautres.be\/lula\/wp-json\/wp\/v2\/pages"}],"about":[{"href":"https:\/\/www.lesunsetlesautres.be\/lula\/wp-json\/wp\/v2\/types\/page"}],"author":[{"embeddable":true,"href":"https:\/\/www.lesunsetlesautres.be\/lula\/wp-json\/wp\/v2\/users\/2"}],"replies":[{"embeddable":true,"href":"https:\/\/www.lesunsetlesautres.be\/lula\/wp-json\/wp\/v2\/comments?post=21"}],"version-history":[{"count":95,"href":"https:\/\/www.lesunsetlesautres.be\/lula\/wp-json\/wp\/v2\/pages\/21\/revisions"}],"predecessor-version":[{"id":1095,"href":"https:\/\/www.lesunsetlesautres.be\/lula\/wp-json\/wp\/v2\/pages\/21\/revisions\/1095"}],"wp:attachment":[{"href":"https:\/\/www.lesunsetlesautres.be\/lula\/wp-json\/wp\/v2\/media?parent=21"}],"curies":[{"name":"wp","href":"https:\/\/api.w.org\/{rel}","templated":true}]}}