{"id":210,"date":"2022-03-11T16:55:13","date_gmt":"2022-03-11T15:55:13","guid":{"rendered":"https:\/\/www.mloc1080.be\/lula\/?page_id=210"},"modified":"2023-07-05T14:38:53","modified_gmt":"2023-07-05T12:38:53","slug":"nos-conditions","status":"publish","type":"page","link":"https:\/\/www.lesunsetlesautres.be\/lula\/nos-conditions\/","title":{"rendered":"Nos conditions"},"content":{"rendered":"\t\t<div data-elementor-type=\"wp-page\" data-elementor-id=\"210\" class=\"elementor elementor-210\" data-elementor-post-type=\"page\">\n\t\t\t\t\t\t<section class=\"elementor-section elementor-top-section elementor-element elementor-element-df5b2a1 elementor-section-boxed elementor-section-height-default elementor-section-height-default\" data-id=\"df5b2a1\" data-element_type=\"section\" data-e-type=\"section\">\n\t\t\t\t\t\t<div class=\"elementor-container elementor-column-gap-default\">\n\t\t\t\t\t<div class=\"elementor-column elementor-col-100 elementor-top-column elementor-element elementor-element-6d1e2c3\" data-id=\"6d1e2c3\" data-element_type=\"column\" data-e-type=\"column\">\n\t\t\t<div class=\"elementor-widget-wrap elementor-element-populated\">\n\t\t\t\t\t\t<div class=\"elementor-element elementor-element-b8c470c elementor-headline--style-highlight elementor-widget elementor-widget-animated-headline\" data-id=\"b8c470c\" data-element_type=\"widget\" data-e-type=\"widget\" data-settings=\"{&quot;highlighted_text&quot;:&quot;conditions&quot;,&quot;headline_style&quot;:&quot;highlight&quot;,&quot;marker&quot;:&quot;circle&quot;,&quot;loop&quot;:&quot;yes&quot;,&quot;highlight_animation_duration&quot;:1200,&quot;highlight_iteration_delay&quot;:8000}\" data-widget_type=\"animated-headline.default\">\n\t\t\t\t<div class=\"elementor-widget-container\">\n\t\t\t\t\t\t\t<h3 class=\"elementor-headline\">\n\t\t\t\t\t<span class=\"elementor-headline-plain-text elementor-headline-text-wrapper\">Verifiez toutes nos <\/span>\n\t\t\t\t<span class=\"elementor-headline-dynamic-wrapper elementor-headline-text-wrapper\">\n\t\t\t\t\t<span class=\"elementor-headline-dynamic-text elementor-headline-text-active\">conditions<\/span>\n\t\t\t\t<\/span>\n\t\t\t\t\t<span class=\"elementor-headline-plain-text elementor-headline-text-wrapper\">de commande<\/span>\n\t\t\t\t\t<\/h3>\n\t\t\t\t\t\t<\/div>\n\t\t\t\t<\/div>\n\t\t\t\t\t<\/div>\n\t\t<\/div>\n\t\t\t\t\t<\/div>\n\t\t<\/section>\n\t\t\t\t<section class=\"elementor-section elementor-top-section elementor-element elementor-element-a9cc17e elementor-section-boxed elementor-section-height-default elementor-section-height-default\" data-id=\"a9cc17e\" data-element_type=\"section\" data-e-type=\"section\">\n\t\t\t\t\t\t<div class=\"elementor-container elementor-column-gap-default\">\n\t\t\t\t\t<div class=\"elementor-column elementor-col-50 elementor-top-column elementor-element elementor-element-a2f304c\" data-id=\"a2f304c\" data-element_type=\"column\" data-e-type=\"column\">\n\t\t\t<div class=\"elementor-widget-wrap elementor-element-populated\">\n\t\t\t\t\t\t<div class=\"elementor-element elementor-element-4f6111f elementor-widget elementor-widget-text-editor\" data-id=\"4f6111f\" data-element_type=\"widget\" data-e-type=\"widget\" data-widget_type=\"text-editor.default\">\n\t\t\t\t<div class=\"elementor-widget-container\">\n\t\t\t\t\t\t\t\t\t<p><span style=\"text-decoration: underline;\">Conditions de commande pour les sandwiches<\/span>\u00a0:<\/p><p>1 jour <span style=\"text-decoration: underline;\"><strong>ouvrable<\/strong><\/span> \u00e0 l&rsquo;avance, \u00e0 10 h 00 au plus tard pour un maximum de 25 personnes.\u00a0<span style=\"font-family: var( --e-global-typography-text-font-family ), Sans-serif; font-weight: var( --e-global-typography-text-font-weight ); letter-spacing: 0px;\">D\u00e9lai \u00e0 convenir si plus de 25 personnes.<\/span><\/p><p>par mail <strong>cmd@mloc1080.be\u00a0<\/strong><\/p><p><span style=\"font-family: var( --e-global-typography-text-font-family ), Sans-serif; font-weight: var( --e-global-typography-text-font-weight ); letter-spacing: 0px;\">Verser 30% d&rsquo;acompte<\/span><\/p>\t\t\t\t\t\t\t\t<\/div>\n\t\t\t\t<\/div>\n\t\t\t\t\t<\/div>\n\t\t<\/div>\n\t\t\t\t<div class=\"elementor-column elementor-col-50 elementor-top-column elementor-element elementor-element-9800e92\" data-id=\"9800e92\" data-element_type=\"column\" data-e-type=\"column\">\n\t\t\t<div class=\"elementor-widget-wrap elementor-element-populated\">\n\t\t\t\t\t\t<div class=\"elementor-element elementor-element-bb02eee elementor-widget elementor-widget-text-editor\" data-id=\"bb02eee\" data-element_type=\"widget\" data-e-type=\"widget\" data-widget_type=\"text-editor.default\">\n\t\t\t\t<div class=\"elementor-widget-container\">\n\t\t\t\t\t\t\t\t\t<p><span style=\"font-family: var( --e-global-typography-text-font-family ), Sans-serif; font-weight: var( --e-global-typography-text-font-weight ); letter-spacing: 0px; text-decoration-line: underline;\">Conditions de livraison<\/span><span style=\"font-family: var( --e-global-typography-text-font-family ), Sans-serif; font-weight: var( --e-global-typography-text-font-weight ); letter-spacing: 0px;\"> :<\/span><\/p><p>Un cr\u00e9neau horaire pour la livraison est \u00e0 convenir selon les disponibilit\u00e9s et le planning du service traiteur.<\/p><p>R\u00e9servation du cr\u00e9neau horaire du lundi au vendredi :<\/p><p>de 8 h 30\u00a0<span style=\"font-family: var( --e-global-typography-text-font-family ), Sans-serif; font-weight: var( --e-global-typography-text-font-weight ); letter-spacing: 0px;\">\u00e0 16 h 30 ou un jour <\/span><span style=\"font-family: var( --e-global-typography-text-font-family ), Sans-serif; font-weight: var( --e-global-typography-text-font-weight ); letter-spacing: 0px; text-decoration-line: underline;\">ouvrable<\/span><span style=\"font-family: var( --e-global-typography-text-font-family ), Sans-serif; font-weight: var( --e-global-typography-text-font-weight ); letter-spacing: 0px;\"> \u00e0 l&rsquo;avance<\/span><\/p>\t\t\t\t\t\t\t\t<\/div>\n\t\t\t\t<\/div>\n\t\t\t\t\t<\/div>\n\t\t<\/div>\n\t\t\t\t\t<\/div>\n\t\t<\/section>\n\t\t\t\t<section class=\"elementor-section elementor-top-section elementor-element elementor-element-88806a2 elementor-section-boxed elementor-section-height-default elementor-section-height-default\" data-id=\"88806a2\" data-element_type=\"section\" data-e-type=\"section\">\n\t\t\t\t\t\t<div class=\"elementor-container elementor-column-gap-default\">\n\t\t\t\t\t<div class=\"elementor-column elementor-col-50 elementor-top-column elementor-element elementor-element-7d72989\" data-id=\"7d72989\" data-element_type=\"column\" data-e-type=\"column\">\n\t\t\t<div class=\"elementor-widget-wrap elementor-element-populated\">\n\t\t\t\t\t\t<div class=\"elementor-element elementor-element-1aaf7ed elementor-widget elementor-widget-text-editor\" data-id=\"1aaf7ed\" data-element_type=\"widget\" data-e-type=\"widget\" data-widget_type=\"text-editor.default\">\n\t\t\t\t<div class=\"elementor-widget-container\">\n\t\t\t\t\t\t\t\t\t<p><span style=\"font-family: var( --e-global-typography-text-font-family ), Sans-serif; font-weight: var( --e-global-typography-text-font-weight ); letter-spacing: 0px; text-decoration-line: underline;\">Tarif de livraison<\/span><span style=\"font-family: var( --e-global-typography-text-font-family ), Sans-serif; font-weight: var( --e-global-typography-text-font-weight ); letter-spacing: 0px;\"> :<\/span><\/p>\n<p>15\u20ac \/&nbsp; TVAC s<span style=\"font-family: var( --e-global-typography-text-font-family ), Sans-serif; font-weight: var( --e-global-typography-text-font-weight ); letter-spacing: 0px;\">auf exceptions :&nbsp;<\/span><\/p>\n<ul>\n<li><span style=\"font-family: var( --e-global-typography-text-font-family ), Sans-serif; font-weight: var( --e-global-typography-text-font-weight ); letter-spacing: 0px;\">Gratuit \u00e0 partir de 10 sandwiches, dans un rayon de 3 km.<\/span><\/li>\n<li>Gratuit \u00e0 partir d\u2019une commande de 100 euros, dans tout Bruxelles.<\/li>\n<\/ul><div><br><\/div>\t\t\t\t\t\t\t\t<\/div>\n\t\t\t\t<\/div>\n\t\t\t\t\t<\/div>\n\t\t<\/div>\n\t\t\t\t<div class=\"elementor-column elementor-col-50 elementor-top-column elementor-element elementor-element-f80e101\" data-id=\"f80e101\" data-element_type=\"column\" data-e-type=\"column\">\n\t\t\t<div class=\"elementor-widget-wrap elementor-element-populated\">\n\t\t\t\t\t\t<div class=\"elementor-element elementor-element-56b183f elementor-widget elementor-widget-text-editor\" data-id=\"56b183f\" data-element_type=\"widget\" data-e-type=\"widget\" data-widget_type=\"text-editor.default\">\n\t\t\t\t<div class=\"elementor-widget-container\">\n\t\t\t\t\t\t\t\t\t<p><span style=\"font-family: var( --e-global-typography-text-font-family ), Sans-serif; font-weight: var( --e-global-typography-text-font-weight ); letter-spacing: 0px; text-decoration-line: underline;\">Conditions pour les \u00e9v\u00e9nements<\/span><span style=\"font-family: var( --e-global-typography-text-font-family ), Sans-serif; font-weight: var( --e-global-typography-text-font-weight ); letter-spacing: 0px;\">\u00a0:<\/span><\/p><p>Nous vous proposons et mettons \u00e0 votre disposition un service traiteur dans notre salle pour vos \u00e9v\u00e9nements le samedi et le dimanche sous conditions :\u00a0<\/p><p>Un montant minimum de 800\u20ac TVAC.<\/p><p>R\u00e9servation ? par mail <strong>cmd@mloc1080.be<\/strong><\/p>\t\t\t\t\t\t\t\t<\/div>\n\t\t\t\t<\/div>\n\t\t\t\t\t<\/div>\n\t\t<\/div>\n\t\t\t\t\t<\/div>\n\t\t<\/section>\n\t\t\t\t<section class=\"elementor-section elementor-top-section elementor-element elementor-element-6884893 elementor-section-boxed elementor-section-height-default elementor-section-height-default\" data-id=\"6884893\" data-element_type=\"section\" data-e-type=\"section\">\n\t\t\t\t\t\t<div class=\"elementor-container elementor-column-gap-default\">\n\t\t\t\t\t<div class=\"elementor-column elementor-col-100 elementor-top-column elementor-element elementor-element-0e9311e\" data-id=\"0e9311e\" data-element_type=\"column\" data-e-type=\"column\">\n\t\t\t<div class=\"elementor-widget-wrap elementor-element-populated\">\n\t\t\t\t\t\t<div class=\"elementor-element elementor-element-cfacd0f elementor-widget elementor-widget-text-editor\" data-id=\"cfacd0f\" data-element_type=\"widget\" data-e-type=\"widget\" data-widget_type=\"text-editor.default\">\n\t\t\t\t<div class=\"elementor-widget-container\">\n\t\t\t\t\t\t\t\t\t<p><em><span style=\"text-decoration: underline;\">Conditions d&rsquo;annulation<\/span> : voir devis client<\/em><\/p>\t\t\t\t\t\t\t\t<\/div>\n\t\t\t\t<\/div>\n\t\t\t\t\t<\/div>\n\t\t<\/div>\n\t\t\t\t\t<\/div>\n\t\t<\/section>\n\t\t\t\t<section class=\"elementor-section elementor-top-section elementor-element elementor-element-8e46418 elementor-section-boxed elementor-section-height-default elementor-section-height-default\" data-id=\"8e46418\" data-element_type=\"section\" data-e-type=\"section\">\n\t\t\t\t\t\t<div class=\"elementor-container elementor-column-gap-default\">\n\t\t\t\t\t<div class=\"elementor-column elementor-col-100 elementor-top-column elementor-element elementor-element-50a0f15\" data-id=\"50a0f15\" data-element_type=\"column\" data-e-type=\"column\">\n\t\t\t<div class=\"elementor-widget-wrap elementor-element-populated\">\n\t\t\t\t\t\t<div class=\"elementor-element elementor-element-144e5d9 elementor-widget-divider--view-line elementor-widget elementor-widget-divider\" data-id=\"144e5d9\" data-element_type=\"widget\" data-e-type=\"widget\" data-widget_type=\"divider.default\">\n\t\t\t\t<div class=\"elementor-widget-container\">\n\t\t\t\t\t\t\t<div class=\"elementor-divider\">\n\t\t\t<span class=\"elementor-divider-separator\">\n\t\t\t\t\t\t<\/span>\n\t\t<\/div>\n\t\t\t\t\t\t<\/div>\n\t\t\t\t<\/div>\n\t\t\t\t\t<\/div>\n\t\t<\/div>\n\t\t\t\t\t<\/div>\n\t\t<\/section>\n\t\t\t\t<section class=\"elementor-section elementor-top-section elementor-element elementor-element-49d9504 elementor-section-boxed elementor-section-height-default elementor-section-height-default\" data-id=\"49d9504\" data-element_type=\"section\" data-e-type=\"section\" data-settings=\"{&quot;background_background&quot;:&quot;classic&quot;}\">\n\t\t\t\t\t\t<div class=\"elementor-container elementor-column-gap-default\">\n\t\t\t\t\t<div class=\"elementor-column elementor-col-50 elementor-top-column elementor-element elementor-element-7f1a22c\" data-id=\"7f1a22c\" data-element_type=\"column\" data-e-type=\"column\">\n\t\t\t<div class=\"elementor-widget-wrap elementor-element-populated\">\n\t\t\t\t\t\t<div class=\"elementor-element elementor-element-d6149dc elementor-widget elementor-widget-heading\" data-id=\"d6149dc\" data-element_type=\"widget\" data-e-type=\"widget\" data-widget_type=\"heading.default\">\n\t\t\t\t<div class=\"elementor-widget-container\">\n\t\t\t\t\t<h2 class=\"elementor-heading-title elementor-size-default\">Contact<\/h2>\t\t\t\t<\/div>\n\t\t\t\t<\/div>\n\t\t\t\t<div class=\"elementor-element elementor-element-930c7e7 elementor-widget elementor-widget-text-editor\" data-id=\"930c7e7\" data-element_type=\"widget\" data-e-type=\"widget\" data-widget_type=\"text-editor.default\">\n\t\t\t\t<div class=\"elementor-widget-container\">\n\t\t\t\t\t\t\t\t\t<p>Rue du Comte de Flandre, 13 &#8211; 1080 Bruxelles<\/p>\t\t\t\t\t\t\t\t<\/div>\n\t\t\t\t<\/div>\n\t\t\t\t<div class=\"elementor-element elementor-element-76e3286 elementor-widget elementor-widget-heading\" data-id=\"76e3286\" data-element_type=\"widget\" data-e-type=\"widget\" data-widget_type=\"heading.default\">\n\t\t\t\t<div class=\"elementor-widget-container\">\n\t\t\t\t\t<h6 class=\"elementor-heading-title elementor-size-default\">TEL : +32 2 410 09 60\n<\/h6>\t\t\t\t<\/div>\n\t\t\t\t<\/div>\n\t\t\t\t<div class=\"elementor-element elementor-element-78d7433 elementor-widget elementor-widget-heading\" data-id=\"78d7433\" data-element_type=\"widget\" data-e-type=\"widget\" data-widget_type=\"heading.default\">\n\t\t\t\t<div class=\"elementor-widget-container\">\n\t\t\t\t\t<h6 class=\"elementor-heading-title elementor-size-default\">Email: lesunsetlesautres@mloc1080.be<\/h6>\t\t\t\t<\/div>\n\t\t\t\t<\/div>\n\t\t\t\t<div class=\"elementor-element elementor-element-7d661ce elementor-widget elementor-widget-heading\" data-id=\"7d661ce\" data-element_type=\"widget\" data-e-type=\"widget\" data-widget_type=\"heading.default\">\n\t\t\t\t<div class=\"elementor-widget-container\">\n\t\t\t\t\t<h6 class=\"elementor-heading-title elementor-size-default\">LUNDI-VENDREDI <br>\n11 h 45 \u00e0 14 h 00<\/h6>\t\t\t\t<\/div>\n\t\t\t\t<\/div>\n\t\t\t\t\t<\/div>\n\t\t<\/div>\n\t\t\t\t<div class=\"elementor-column elementor-col-50 elementor-top-column elementor-element elementor-element-9c6a4f3\" data-id=\"9c6a4f3\" data-element_type=\"column\" data-e-type=\"column\">\n\t\t\t<div class=\"elementor-widget-wrap elementor-element-populated\">\n\t\t\t\t\t\t<div class=\"elementor-element elementor-element-60dc950 elementor-widget elementor-widget-google_maps\" data-id=\"60dc950\" data-element_type=\"widget\" data-e-type=\"widget\" data-widget_type=\"google_maps.default\">\n\t\t\t\t<div class=\"elementor-widget-container\">\n\t\t\t\t\t\t\t<div class=\"elementor-custom-embed\">\n\t\t\t<iframe loading=\"lazy\"\n\t\t\t\t\tsrc=\"https:\/\/maps.google.com\/maps?q=Rue%20du%20Comte%20de%20Flandre%2C%2013%201080%20Bruxelles&#038;t=m&#038;z=13&#038;output=embed&#038;iwloc=near\"\n\t\t\t\t\ttitle=\"Rue du Comte de Flandre, 13 1080 Bruxelles\"\n\t\t\t\t\taria-label=\"Rue du Comte de Flandre, 13 1080 Bruxelles\"\n\t\t\t><\/iframe>\n\t\t<\/div>\n\t\t\t\t\t\t<\/div>\n\t\t\t\t<\/div>\n\t\t\t\t\t<\/div>\n\t\t<\/div>\n\t\t\t\t\t<\/div>\n\t\t<\/section>\n\t\t\t\t<section class=\"elementor-section elementor-top-section elementor-element elementor-element-51f8fbc elementor-section-boxed elementor-section-height-default elementor-section-height-default\" data-id=\"51f8fbc\" data-element_type=\"section\" data-e-type=\"section\">\n\t\t\t\t\t\t<div class=\"elementor-container elementor-column-gap-default\">\n\t\t\t\t\t<div class=\"elementor-column elementor-col-100 elementor-top-column elementor-element elementor-element-0c32391\" data-id=\"0c32391\" data-element_type=\"column\" data-e-type=\"column\">\n\t\t\t<div class=\"elementor-widget-wrap elementor-element-populated\">\n\t\t\t\t\t\t<div class=\"elementor-element elementor-element-768e105 elementor-widget elementor-widget-image\" data-id=\"768e105\" data-element_type=\"widget\" data-e-type=\"widget\" data-widget_type=\"image.default\">\n\t\t\t\t<div class=\"elementor-widget-container\">\n\t\t\t\t\t\t\t\t\t\t\t\t\t\t\t<img fetchpriority=\"high\" decoding=\"async\" width=\"600\" height=\"200\" src=\"https:\/\/www.lesunsetlesautres.be\/lula\/wp-content\/uploads\/2023\/07\/pouvoirs-subsidiants.png\" class=\"attachment-large size-large wp-image-991\" alt=\"\" srcset=\"https:\/\/www.lesunsetlesautres.be\/lula\/wp-content\/uploads\/2023\/07\/pouvoirs-subsidiants.png 600w, https:\/\/www.lesunsetlesautres.be\/lula\/wp-content\/uploads\/2023\/07\/pouvoirs-subsidiants-300x100.png 300w\" sizes=\"(max-width: 600px) 100vw, 600px\" \/>\t\t\t\t\t\t\t\t\t\t\t\t\t\t\t<\/div>\n\t\t\t\t<\/div>\n\t\t\t\t\t<\/div>\n\t\t<\/div>\n\t\t\t\t\t<\/div>\n\t\t<\/section>\n\t\t\t\t<\/div>\n\t\t","protected":false},"excerpt":{"rendered":"<p>Verifiez toutes nos conditions de commande Conditions de commande pour les sandwiches\u00a0: 1 jour ouvrable \u00e0 l&rsquo;avance, \u00e0 10 h 00 au plus tard pour un maximum de 25 personnes.\u00a0D\u00e9lai \u00e0 convenir si plus de 25 personnes. par mail cmd@mloc1080.be\u00a0 Verser 30% d&rsquo;acompte Conditions de livraison : Un cr\u00e9neau horaire pour la livraison est \u00e0 convenir selon les disponibilit\u00e9s et le planning du service traiteur. R\u00e9servation du cr\u00e9neau horaire du lundi au vendredi : de 8 h 30\u00a0\u00e0 16 h 30 ou un jour ouvrable \u00e0 l&rsquo;avance Tarif de livraison : 15\u20ac \/&nbsp; TVAC sauf exceptions :&nbsp; Gratuit \u00e0 partir de 10 sandwiches, dans un rayon de 3 km. Gratuit \u00e0 partir d\u2019une commande de 100 euros, dans tout Bruxelles. Conditions pour les \u00e9v\u00e9nements\u00a0: Nous vous proposons et mettons \u00e0 votre disposition un service traiteur dans notre salle pour vos \u00e9v\u00e9nements le samedi et le dimanche sous conditions :\u00a0 Un montant minimum de 800\u20ac TVAC. R\u00e9servation ? par mail cmd@mloc1080.be Conditions d&rsquo;annulation : voir devis client Contact Rue du Comte de Flandre, 13 &#8211; 1080 Bruxelles TEL : +32 2 410 09 60 Email: lesunsetlesautres@mloc1080.be LUNDI-VENDREDI 11 h 45 \u00e0 14 h 00<\/p>\n","protected":false},"author":2,"featured_media":0,"parent":0,"menu_order":0,"comment_status":"closed","ping_status":"closed","template":"","meta":{"footnotes":""},"class_list":["post-210","page","type-page","status-publish","hentry"],"_links":{"self":[{"href":"https:\/\/www.lesunsetlesautres.be\/lula\/wp-json\/wp\/v2\/pages\/210","targetHints":{"allow":["GET"]}}],"collection":[{"href":"https:\/\/www.lesunsetlesautres.be\/lula\/wp-json\/wp\/v2\/pages"}],"about":[{"href":"https:\/\/www.lesunsetlesautres.be\/lula\/wp-json\/wp\/v2\/types\/page"}],"author":[{"embeddable":true,"href":"https:\/\/www.lesunsetlesautres.be\/lula\/wp-json\/wp\/v2\/users\/2"}],"replies":[{"embeddable":true,"href":"https:\/\/www.lesunsetlesautres.be\/lula\/wp-json\/wp\/v2\/comments?post=210"}],"version-history":[{"count":61,"href":"https:\/\/www.lesunsetlesautres.be\/lula\/wp-json\/wp\/v2\/pages\/210\/revisions"}],"predecessor-version":[{"id":1009,"href":"https:\/\/www.lesunsetlesautres.be\/lula\/wp-json\/wp\/v2\/pages\/210\/revisions\/1009"}],"wp:attachment":[{"href":"https:\/\/www.lesunsetlesautres.be\/lula\/wp-json\/wp\/v2\/media?parent=210"}],"curies":[{"name":"wp","href":"https:\/\/api.w.org\/{rel}","templated":true}]}}